{"id":20,"date":"2023-08-10T17:49:46","date_gmt":"2023-08-10T15:49:46","guid":{"rendered":"https:\/\/foerderkreis-mvcg.de\/?page_id=20"},"modified":"2023-08-10T17:49:47","modified_gmt":"2023-08-10T15:49:47","slug":"dsvgo-foerderkreis-martin-von-cochem-gymnasium-e-v","status":"publish","type":"page","link":"https:\/\/foerderkreis-mvcg.de\/?page_id=20","title":{"rendered":"DSVGO F\u00f6rderkreis Martin-von-Cochem-Gymnasium e. V."},"content":{"rendered":"\n<p>Neben Ihren pers\u00f6nlichen Daten (Name, Vorname, Anschrift,\u00a0E-Mail) speichern wir zum Bankeinzug Ihre Kontodaten. <\/p>\n\n\n\n<p><strong>Merkblatt zu den Informationspflichten nach Artikel 13 und 14 DSGVO<\/strong><\/p>\n\n\n\n<p>Nach Artikel 13 und 14 EU-DSGVO hat der Verantwortliche einer betroffenen Person, deren Daten er verarbeitet, die in den Artikeln genannten Informationen bereit zu stellen.\u00a0Dieser Informationspflicht kommt dieses Merkblatt nach.<\/p>\n\n\n\n<p>1. Namen und Kontaktdaten des Verantwortlichen sowie seines Vertreters:&nbsp;<\/p>\n\n\n\n<p>F\u00f6rderkreis Martin\u2013von-Cochem-Gymnasium e. V., Schlossstra\u00dfe 28, 56812 Cochem<\/p>\n\n\n\n<p>gesetzlich vertreten durch den Vorstand nach \u00a7 26 BGB:&nbsp;<br>Herr Christoph Klug (1. Vorsitzender, 1.vorsitzender@foerderkreis-mvcg.de) und Herr Peter Weinand (2. Vorsitzender, 2.vorsitzender@foerderkreis-mvcg.de)&nbsp;<\/p>\n\n\n\n<p><br>2. Zwecke, f\u00fcr die personenbezogene Daten verarbeitet werden:&nbsp;<\/p>\n\n\n\n<p>Die personenbezogenen Daten werden f\u00fcr die Durchf\u00fchrung des Mitgliedschaftsverh\u00e4ltnisses verarbeitet (z. B. Einladung zu Versammlungen, Beitragseinzug, Organisation).&nbsp;<br>Ferner werden personenbezogene Daten zur Teilnahme an schulischen Projekten an das Martin-von-Cochem-Gymnasium weitergeleitet.&nbsp;<br>Dar\u00fcber hinaus werden personenbezogene Daten im Zusammenhang mit schulischen Ereignissen einschlie\u00dflich der Berichterstattung hier\u00fcber auf der Internetseite des Vereins, in Auftritten des Vereins in Sozialen Medien sowie auf Seiten der Fachverb\u00e4nde ver\u00f6ffentlicht und an lokale, regionale und \u00fcberregionale Printmedien \u00fcbermittelt.&nbsp;<\/p>\n\n\n\n<p><br>3. Rechtsgrundlagen, auf Grund derer die Verarbeitung erfolgt:&nbsp;<\/p>\n\n\n\n<p>Die Verarbeitung der personenbezogenen Daten erfolgt in der Regel aufgrund der Erforderlichkeit zur Erf\u00fcllung eines Vertrages gem\u00e4\u00df Artikel 6 Abs. 1 lit. b) DSGVO. Bei den Vertragsverh\u00e4ltnissen handelt es sich in erster Linie um das Mitgliedschaftsverh\u00e4ltnis im Verein und um die Teilnahme an schulischen Veranstaltungen.&nbsp;<br>Werden personenbezogene Daten erhoben, ohne dass die Verarbeitung zur Erf\u00fcllung des Vertrages erforderlich ist, erfolgt die Verarbeitung aufgrund einer Einwilligung nach Artikel 6 Abs. 1 lit. a) i.V.m. Artikel 7 DSGVO.&nbsp;<br>Die Ver\u00f6ffentlichung personenbezogener Daten im Internet oder in lokalen, regionalen oder \u00fcberregionalen Printmedien erfolgt zur Wahrung berechtigter Interessen des Vereins (vgl. Artikel 6 Abs. 1 lit. f) DSGVO). Das berechtigte Interesse des Vereins besteht in der Information der \u00d6ffentlichkeit durch Berichtserstattung \u00fcber die Aktivit\u00e4ten des Vereins. In diesem Rahmen werden personenbezogene Daten einschlie\u00dflich von Bildern der Teilnehmer zum Beispiel im Rahmen der Berichterstattung \u00fcber schulische Ereignisse des Vereins ver\u00f6ffentlicht.<\/p>\n\n\n\n<p><br>4. Empf\u00e4nger oder Kategorien von Empf\u00e4ngern der personenbezogenen Daten:<\/p>\n\n\n\n<p>Personenbezogene Daten der Mitglieder, die an schulischen Projekten teilnehmen, werden an das Martin-von-Cochem-Gymnasium weitergegeben.<\/p>\n\n\n\n<p>Die Daten der Bankverbindung der Mitglieder werden zum Zwecke des Beitragseinzugs an die Sparkasse Mittelmosel &#8211; Eifel Mosel Hunsr\u00fcck, Cusanusstra\u00dfe 24a, 54470 Bernkastel-Kues weitergeleitet.&nbsp;<br>\u2003<br>5. Dauer, f\u00fcr die die personenbezogenen Daten gespeichert werden bzw. Kriterien f\u00fcr die Festlegung der Dauer:&nbsp;<\/p>\n\n\n\n<p>Die personenbezogenen Daten werden f\u00fcr die Dauer der Mitgliedschaft gespeichert.&nbsp;<br>Mit Beendigung der Mitgliedschaft werden die Datenkategorien Vorname, Nachname, Geschlecht, Geburtsdatum, Datum des Vereinsbeitritts, gem\u00e4\u00df den gesetzlichen Aufbewahrungsfristen weitere zehn Jahre vorgehalten und dann gel\u00f6scht. In der Zeit zwischen Beendigung der Mitgliedschaft und der L\u00f6schung wird die Verarbeitung dieser Daten eingeschr\u00e4nkt.<br>Bestimmte Datenkategorien werden zum Zweck der Vereinschronik und im Vereinsarchiv gespeichert. Hierbei handelt es sich um die Kategorien Vorname, Nachname, Funktionen im Verein, besondere schulische Erfolge oder Ereignisse, an denen die betroffene Person mitgewirkt hat. Der Speicherung liegt ein berechtigtes Interesse des Vereins an der zeitgeschichtlichen Dokumentation von schulischen Ereignissen und Erfolgen und der jeweiligen Zusammensetzung der Teams zugrunde.&nbsp;<br>Alle Daten der \u00fcbrigen Kategorien (z.B. Bankdaten, Anschrift, Kontaktdaten) werden mit Beendigung der Mitgliedschaft gel\u00f6scht.&nbsp;<\/p>\n\n\n\n<p><br>6. Der betroffenen Person stehen unter den in den Artikeln jeweils genannten Voraussetzungen die nachfolgenden Rechte zu:&nbsp;<\/p>\n\n\n\n<p>&#8211; das Recht auf Auskunft nach Artikel 15 DSGVO,&nbsp;<br>&#8211; das Recht auf Berichtigung nach Artikel 16 DSGVO,&nbsp;<br>&#8211; das Recht auf L\u00f6schung nach Artikel 17 DSGVO,&nbsp;<br>&#8211; das Recht auf Einschr\u00e4nkung der Verarbeitung nach Artikel 18 DSGVO,&nbsp;<br>&#8211; das Recht auf Daten\u00fcbertragbarkeit nach Artikel 20 DSGVO,&nbsp;<br>&#8211; das Widerspruchsrecht nach Artikel 21 DSGVO,&nbsp;<br>&#8211; das Recht auf Beschwerde bei einer Aufsichtsbeh\u00f6rde nach Artikel 77 DSGVO&nbsp;<br>&#8211; das Recht, eine erteilte Einwilligung jederzeit widerrufen zu k\u00f6nnen, ohne dass die Rechtm\u00e4\u00dfigkeit, der aufgrund der Einwilligung bis zum Widerruf erfolgten Verarbeitung hierdurch ber\u00fchrt wird.&nbsp;<\/p>\n\n\n\n<p><br>7. Die Quelle, aus der die personenbezogenen Daten stammen:&nbsp;<\/p>\n\n\n\n<p>Die personenbezogenen Daten werden grunds\u00e4tzlich im Rahmen des Erwerbs der Mitgliedschaft erhoben.<\/p>\n\n\n\n<p><br>Stand: Oktober 2020<\/p>\n","protected":false},"excerpt":{"rendered":"<p>Neben Ihren pers\u00f6nlichen Daten (Name, Vorname, Anschrift,\u00a0E-Mail) speichern wir zum Bankeinzug Ihre Kontodaten. Merkblatt zu den Informationspflichten nach Artikel 13 und 14 DSGVO Nach Artikel 13 und 14 EU-DSGVO hat der Verantwortliche einer betroffenen Person, deren Daten er verarbeitet, die in den Artikeln genannten Informationen &hellip; <a href=\"https:\/\/foerderkreis-mvcg.de\/?page_id=20\" class=\"more-link\"><span>Continue reading<span class=\"screen-reader-text\">DSVGO F\u00f6rderkreis Martin-von-Cochem-Gymnasium e. V.<\/span><\/span><\/a><\/p>\n","protected":false},"author":1,"featured_media":0,"parent":0,"menu_order":0,"comment_status":"closed","ping_status":"closed","template":"","meta":{"footnotes":""},"class_list":["post-20","page","type-page","status-publish","hentry"],"_links":{"self":[{"href":"https:\/\/foerderkreis-mvcg.de\/index.php?rest_route=\/wp\/v2\/pages\/20","targetHints":{"allow":["GET"]}}],"collection":[{"href":"https:\/\/foerderkreis-mvcg.de\/index.php?rest_route=\/wp\/v2\/pages"}],"about":[{"href":"https:\/\/foerderkreis-mvcg.de\/index.php?rest_route=\/wp\/v2\/types\/page"}],"author":[{"embeddable":true,"href":"https:\/\/foerderkreis-mvcg.de\/index.php?rest_route=\/wp\/v2\/users\/1"}],"replies":[{"embeddable":true,"href":"https:\/\/foerderkreis-mvcg.de\/index.php?rest_route=%2Fwp%2Fv2%2Fcomments&post=20"}],"version-history":[{"count":4,"href":"https:\/\/foerderkreis-mvcg.de\/index.php?rest_route=\/wp\/v2\/pages\/20\/revisions"}],"predecessor-version":[{"id":24,"href":"https:\/\/foerderkreis-mvcg.de\/index.php?rest_route=\/wp\/v2\/pages\/20\/revisions\/24"}],"wp:attachment":[{"href":"https:\/\/foerderkreis-mvcg.de\/index.php?rest_route=%2Fwp%2Fv2%2Fmedia&parent=20"}],"curies":[{"name":"wp","href":"https:\/\/api.w.org\/{rel}","templated":true}]}}