{"id":2,"date":"2022-06-09T11:04:06","date_gmt":"2022-06-09T09:04:06","guid":{"rendered":"http:\/\/foerderkreis-mvcg.de\/?page_id=2"},"modified":"2022-06-10T09:39:09","modified_gmt":"2022-06-10T07:39:09","slug":"beispiel-seite","status":"publish","type":"page","link":"https:\/\/foerderkreis-mvcg.de\/?page_id=2","title":{"rendered":"Beispiel-Seite"},"content":{"rendered":"\n<p>Dies ist eine Beispiel-Seite. Sie unterscheidet sich von Beitr\u00e4gen, da sie stets an derselben Stelle bleibt und (bei den meisten Themes) in der Website-Navigation angezeigt wird. Die meisten starten mit einem Impressum, der Datenschutzerkl\u00e4rung oder einer \u201e\u00dcber&nbsp;uns\u201c-Seite, um sich potenziellen Besuchern der Website vorzustellen. Dort k\u00f6nnte zum Beispiel stehen:<\/p>\n\n\n\n<p>&#8230;&nbsp;oder so etwas wie:<\/p>\n\n\n\n<blockquote class=\"wp-block-quote is-layout-flow wp-block-quote-is-layout-flow\"><p>Hallo! Tags\u00fcber arbeite ich als Fahrradkurier, nachts bin ich ein aufstrebender Schauspieler und dies hier ist meine Website. Ich lebe in Berlin, habe einen gro\u00dfen Hund namens Jack, mag Pi\u00f1a Coladas, jedoch weniger (ohne Schirm) im Regen stehen gelassen zu werden.<\/p><\/blockquote>\n\n\n\n<p><iframe src=\"https:\/\/donationstatus.twingle.de\/donation-status\/zEEAzagmqfNU9ICBYe1Ziw%253D%253D\" style=\"width: 50%; border: none; overflow: hidden; height: 250px; position: relative; z-index: 2;\"><\/iframe><\/p>\n\n\n\n<p>Als neuer WordPress-Benutzer solltest du <a href=\"http:\/\/foerderkreis-mvcg.de\/wp-admin\/\">dein Dashboard<\/a> aufrufen, um diese Seite zu l\u00f6schen und neue Seiten und Beitr\u00e4ge f\u00fcr deine Website erstellen. Viel Spa\u00df!<\/p>\n\n\n\n<script type=\"text\/javascript\">\n\t(function() {\n\t\tvar u=\"https:\/\/spenden.twingle.de\/embed\/genericorganisation\/genericproject\/tw62a060a9ea552\/widget\";\n\t\tvar id = '_' + Math.random().toString(36).substr(2, 9);\n\t\tvar d=document, g=d.createElement('script'), s=d.getElementsByTagName('script')[0];\n\t\tdocument.write('<div id=\"twingle-public-embed-' + id + '\"><\/div>');\n\t\tg.type='text\/javascript'; g.async=true; g.defer=true; g.src=u+'\/'+id; s.parentNode.insertBefore(g,s);\n\t})();\n<\/script>\n","protected":false},"excerpt":{"rendered":"<p>Dies ist eine Beispiel-Seite. Sie unterscheidet sich von Beitr\u00e4gen, da sie stets an derselben Stelle bleibt und (bei den meisten Themes) in der Website-Navigation angezeigt wird. Die meisten starten mit einem Impressum, der Datenschutzerkl\u00e4rung oder einer \u201e\u00dcber&nbsp;uns\u201c-Seite, um sich potenziellen Besuchern der Website vorzustellen. Dort &hellip; <a href=\"https:\/\/foerderkreis-mvcg.de\/?page_id=2\" class=\"more-link\"><span>Continue reading<span class=\"screen-reader-text\">Beispiel-Seite<\/span><\/span><\/a><\/p>\n","protected":false},"author":1,"featured_media":0,"parent":0,"menu_order":0,"comment_status":"closed","ping_status":"open","template":"","meta":{"footnotes":""},"class_list":["post-2","page","type-page","status-publish","hentry"],"_links":{"self":[{"href":"https:\/\/foerderkreis-mvcg.de\/index.php?rest_route=\/wp\/v2\/pages\/2","targetHints":{"allow":["GET"]}}],"collection":[{"href":"https:\/\/foerderkreis-mvcg.de\/index.php?rest_route=\/wp\/v2\/pages"}],"about":[{"href":"https:\/\/foerderkreis-mvcg.de\/index.php?rest_route=\/wp\/v2\/types\/page"}],"author":[{"embeddable":true,"href":"https:\/\/foerderkreis-mvcg.de\/index.php?rest_route=\/wp\/v2\/users\/1"}],"replies":[{"embeddable":true,"href":"https:\/\/foerderkreis-mvcg.de\/index.php?rest_route=%2Fwp%2Fv2%2Fcomments&post=2"}],"version-history":[{"count":5,"href":"https:\/\/foerderkreis-mvcg.de\/index.php?rest_route=\/wp\/v2\/pages\/2\/revisions"}],"predecessor-version":[{"id":18,"href":"https:\/\/foerderkreis-mvcg.de\/index.php?rest_route=\/wp\/v2\/pages\/2\/revisions\/18"}],"wp:attachment":[{"href":"https:\/\/foerderkreis-mvcg.de\/index.php?rest_route=%2Fwp%2Fv2%2Fmedia&parent=2"}],"curies":[{"name":"wp","href":"https:\/\/api.w.org\/{rel}","templated":true}]}}